{"id":163,"date":"2023-08-14T19:26:22","date_gmt":"2023-08-14T17:26:22","guid":{"rendered":"https:\/\/galiforniacamper.com\/rutas\/"},"modified":"2023-08-20T23:04:12","modified_gmt":"2023-08-20T21:04:12","slug":"rutas","status":"publish","type":"page","link":"https:\/\/galiforniacamper.com\/en\/rutas\/","title":{"rendered":"Routes"},"content":{"rendered":"<div class=\"nicepage-container\"><div class=\"\" style=\"\" >        <script>\n            (function ($) {\n                var ResponsiveCms = window.ResponsiveCms;\n                if (!ResponsiveCms) {\n                    return;\n                }\n                ResponsiveCms.contentDom = $('script:last').parent();\n                ResponsiveCms.prevMode = \"XL\";\n\n                if (typeof ResponsiveCms.recalcClasses === 'function') {\n                    ResponsiveCms.recalcClasses();\n                }\n            })(jQuery);\n        <\/script>\n        \n  \n    \n    <section class=\"skrollable skrollable-between u-align-center u-clearfix u-image u-parallax u-shading u-section-2\" id=\"carousel_cfb1\" src=\"\" data-image-width=\"1280\" data-image-height=\"720\" style=\"background-image: linear-gradient(0deg, rgba(0, 0, 0, 0.25), rgba(0, 0, 0, 0.25)), url(&quot;https:\/\/galiforniacamper.com\/wp-content\/uploads\/2023\/08\/3208e4c5cee86e778dc0bb692added4cfc4a7604a1fcc474d541e24483f778da5ce83afebf8bd22d8f037de361f4f2e51f3f201e79bb2ab2ab7571_1280.jpg&quot;);\">\n      <div class=\"u-clearfix u-sheet u-sheet-1\">\n        <h1 class=\"u-align-center u-text u-text-default u-text-white u-text-1\" data-animation-name=\"customAnimationIn\" data-animation-duration=\"1500\">Rutas y Aventuras Personalizadas<\/h1>\n        <p class=\"u-align-center u-large-text u-text u-text-body-alt-color u-text-variant u-text-2\" data-animation-name=\"customAnimationIn\" data-animation-duration=\"1500\"> \"Emb\u00e1rcate en una Experiencia Inigualable: Descubre Nuestras Aventuras en Galifornia Camper y Sum\u00e9rgete en Rutas Personalizadas a Tu Medida\"<\/p>\n      <\/div>\n    <\/section>\n    <section class=\"u-align-center u-border-5 u-border-black u-clearfix u-valign-middle-lg u-valign-middle-md u-valign-middle-sm u-valign-middle-xl u-section-3\" id=\"sec-cdfa\">\n      <h3 class=\"u-text u-text-default u-text-1\" data-animation-name=\"swing\" data-animation-duration=\"1000\" data-animation-direction=\"\">Customized routes<\/h3>\n    <\/section>\n    <section class=\"u-black u-clearfix u-section-4\" id=\"carousel_5d00\">\n      <div class=\"u-clearfix u-sheet u-sheet-1\">\n        <h2 class=\"u-align-center u-custom-font u-font-lobster u-text u-text-default u-text-white u-text-1\" data-animation-name=\"customAnimationIn\" data-animation-duration=\"1250\" data-animation-delay=\"250\"> Pasos para personalizar tu aventura<\/h2>\n        <div class=\"u-clearfix u-expanded-width u-layout-wrap u-layout-wrap-1\">\n          <div class=\"u-gutter-0 u-layout\">\n            <div class=\"u-layout-col\">\n              <div class=\"u-size-60\">\n                <div class=\"u-layout-row\">\n                  <div class=\"u-align-left u-container-style u-layout-cell u-size-60 u-layout-cell-1\">\n                    <div class=\"u-container-layout u-container-layout-1\"><\/div>\n                  <\/div>\n                <\/div>\n              <\/div>\n            <\/div>\n          <\/div>\n        <\/div>\n        <div class=\"u-clearfix u-expanded-width u-layout-wrap u-layout-wrap-2\">\n          <div class=\"u-layout\">\n            <div class=\"u-layout-col\">\n              <div class=\"u-size-20\">\n                <div class=\"u-layout-row\">\n                  <div class=\"u-align-center u-container-style u-layout-cell u-size-30 u-layout-cell-2\">\n                    <div class=\"u-border-3 u-border-grey-75 u-container-layout u-valign-middle-lg u-valign-middle-md u-valign-middle-xl u-container-layout-2\">\n                      <div class=\"u-palette-4-base u-preserve-proportions u-shape u-shape-circle u-shape-1\"><\/div>\n                      <p class=\"u-text u-text-2\">1 <\/p>\n                      <blockquote class=\"u-border-palette-4-base u-custom-font u-font-lobster u-text u-text-default u-text-white u-text-3\"> Contacto con Galifornia Camper: <\/blockquote>\n                    <\/div>\n                  <\/div>\n                  <div class=\"u-container-style u-layout-cell u-size-30 u-layout-cell-3\">\n                    <div class=\"u-border-4 u-border-grey-75 u-container-layout u-container-layout-3\">\n                      <p class=\"u-text u-text-default u-text-4\"> Inicia tu emocionante viaje contactando con nosotros en Galifornia Camper. Ya sea por tel\u00e9fono, correo electr\u00f3nico o a trav\u00e9s de nuestra p\u00e1gina web, nuestro amable equipo estar\u00e1 listo para escuchar tus ideas y necesidades.<\/p>\n                    <\/div>\n                  <\/div>\n                <\/div>\n              <\/div>\n              <div class=\"u-size-20\">\n                <div class=\"u-layout-row\">\n                  <div class=\"u-align-center u-container-style u-layout-cell u-size-30 u-layout-cell-4\">\n                    <div class=\"u-border-3 u-border-grey-75 u-container-layout u-container-layout-4\">\n                      <div class=\"u-palette-4-base u-preserve-proportions u-shape u-shape-circle u-shape-2\" data-animation-name=\"\" data-animation-duration=\"0\" data-animation-delay=\"0\" data-animation-direction=\"\"><\/div>\n                      <p class=\"u-text u-text-5\">2<\/p>\n                      <blockquote class=\"u-border-palette-4-base u-custom-font u-font-lobster u-text u-text-default u-text-white u-text-6\"> Define tu Destino y Gustos: <\/blockquote>\n                    <\/div>\n                  <\/div>\n                  <div class=\"u-container-style u-layout-cell u-size-30 u-layout-cell-5\">\n                    <div class=\"u-border-3 u-border-grey-75 u-container-layout u-container-layout-5\">\n                      <p class=\"u-text u-text-default u-text-7\"> Despu\u00e9s de conocerte mejor, te ayudaremos a elegir el destino perfecto para tu aventura en camper. \u00bfSue\u00f1as con playas doradas, majestuosas monta\u00f1as o exuberantes paisajes naturales? \u00a1T\u00fa decides! Cu\u00e9ntanos tus gustos y preferencias para que podamos dise\u00f1ar una ruta a medida que cumpla tus expectativas.<\/p>\n                    <\/div>\n                  <\/div>\n                <\/div>\n              <\/div>\n              <div class=\"u-size-20\">\n                <div class=\"u-layout-row\">\n                  <div class=\"u-align-center u-container-style u-layout-cell u-size-30 u-layout-cell-6\">\n                    <div class=\"u-border-3 u-border-grey-75 u-container-layout u-valign-middle-lg u-valign-middle-md u-valign-middle-xl u-container-layout-6\">\n                      <div class=\"u-palette-4-base u-preserve-proportions u-shape u-shape-circle u-shape-3\" data-animation-name=\"\" data-animation-duration=\"0\" data-animation-delay=\"0\" data-animation-direction=\"\"><\/div>\n                      <p class=\"u-text u-text-8\">3 <\/p>\n                      <blockquote class=\"u-border-palette-4-base u-custom-font u-font-lobster u-text u-text-default u-text-white u-text-9\"> Dise\u00f1o de la Ruta Personalizada: <\/blockquote>\n                    <\/div>\n                  <\/div>\n                  <div class=\"u-container-style u-layout-cell u-size-30 u-layout-cell-7\">\n                    <div class=\"u-border-3 u-border-grey-75 u-container-layout u-container-layout-7\">\n                      <p class=\"u-text u-text-default u-text-10\"> Nuestros expertos en viajes crear\u00e1n una ruta personalizada que se adapte a tu duraci\u00f3n de viaje deseada y a tus intereses. Cada parada estar\u00e1 cuidadosamente seleccionada para brindarte experiencias \u00fanicas, desde lugares emblem\u00e1ticos hasta gemas ocultas que solo los lugare\u00f1os conocen.<\/p>\n                    <\/div>\n                  <\/div>\n                <\/div>\n              <\/div>\n            <\/div>\n          <\/div>\n        <\/div>\n        <div class=\"u-clearfix u-expanded-width u-layout-wrap u-layout-wrap-3\">\n          <div class=\"u-layout\">\n            <div class=\"u-layout-col\">\n              <div class=\"u-size-30\">\n                <div class=\"u-layout-row\">\n                  <div class=\"u-align-center u-container-style u-layout-cell u-size-30 u-layout-cell-8\">\n                    <div class=\"u-border-3 u-border-grey-75 u-container-layout u-container-layout-8\">\n                      <div class=\"u-palette-4-base u-preserve-proportions u-shape u-shape-circle u-shape-4\" data-animation-name=\"\" data-animation-duration=\"0\" data-animation-delay=\"0\" data-animation-direction=\"\"><\/div>\n                      <p class=\"u-text u-text-11\">4 <\/p>\n                      <blockquote class=\"u-border-palette-4-base u-custom-font u-font-lobster u-text u-text-default u-text-white u-text-12\"> Confirmaci\u00f3n y Preparaci\u00f3n: <\/blockquote>\n                    <\/div>\n                  <\/div>\n                  <div class=\"u-container-style u-layout-cell u-size-30 u-layout-cell-9\">\n                    <div class=\"u-border-3 u-border-grey-75 u-container-layout u-container-layout-9\">\n                      <p class=\"u-text u-text-default u-text-13\"> Una vez que estemos en sinton\u00eda con tu itinerario personalizado, confirmaremos todos los detalles contigo. Te proporcionaremos informaci\u00f3n sobre la camper que has elegido y te brindaremos consejos pr\u00e1cticos para que est\u00e9s bien preparado antes de partir.<\/p>\n                    <\/div>\n                  <\/div>\n                <\/div>\n              <\/div>\n              <div class=\"u-size-30\">\n                <div class=\"u-layout-row\">\n                  <div class=\"u-align-center u-container-style u-layout-cell u-size-30 u-layout-cell-10\">\n                    <div class=\"u-border-3 u-border-grey-75 u-container-layout u-valign-middle-lg u-valign-middle-md u-valign-middle-xl u-container-layout-10\">\n                      <div class=\"u-palette-4-base u-preserve-proportions u-shape u-shape-circle u-shape-5\" data-animation-name=\"\" data-animation-duration=\"0\" data-animation-delay=\"0\" data-animation-direction=\"\"><\/div>\n                      <p class=\"u-text u-text-14\">5<\/p>\n                      <blockquote class=\"u-border-palette-4-base u-custom-font u-font-lobster u-text u-text-default u-text-white u-text-15\"> \u00a1A la Aventura! <\/blockquote>\n                    <\/div>\n                  <\/div>\n                  <div class=\"u-container-style u-layout-cell u-size-30 u-layout-cell-11\">\n                    <div class=\"u-border-3 u-border-grey-75 u-container-layout u-container-layout-11\">\n                      <p class=\"u-text u-text-default u-text-16\"> Llega el d\u00eda de comenzar tu viaje de ensue\u00f1o. Recoje tu camper en nuestras instalaciones y comienza la aventura. Cada d\u00eda te brindar\u00e1 nuevas vistas, experiencias y recuerdos. Explora a tu propio ritmo, detente donde quieras y vive la libertad de la carretera mientras Galifornia Camper est\u00e1 contigo en cada paso del camino.<\/p>\n                    <\/div>\n                  <\/div>\n                <\/div>\n              <\/div>\n            <\/div>\n          <\/div>\n        <\/div>\n        <h4 class=\"u-align-center u-custom-font u-font-lobster u-text u-text-default u-text-white u-text-17\"> Tu aventura personalizada est\u00e1 a solo unos pasos de distancia. \u00a1Contacta con Galifornia Camper hoy y comienza a crear recuerdos inolvidables en tu pr\u00f3ximo viaje!<\/h4>\n        <a href=\"https:\/\/galiforniacamper.com\/en\/contacto\/\" class=\"u-border-none u-btn u-btn-round u-button-style u-hover-custom-color-2 u-palette-4-base u-radius-50 u-btn-1\">Contact<\/a>\n      <\/div>\n    <\/section>\n    <section class=\"u-clearfix u-palette-4-base u-section-5\" id=\"sec-496c\">\n      <div class=\"u-clearfix u-sheet u-sheet-1\">\n        <img decoding=\"async\" alt=\"\" class=\"u-border-2 u-border-black u-image u-image-round u-radius-10 u-image-1\" data-image-width=\"1280\" data-image-height=\"853\" src=\"https:\/\/galiforniacamper.com\/wp-content\/uploads\/2023\/08\/3b882ae615810a921655606e2317195e5218bf188cc4ee668a5fe29a3750603902bb251775520c03f6c92a50747014dba50ac960e8d9885123951d_1280.jpg\">\n        <div class=\"u-container-style u-group u-white u-group-1\">\n          <div class=\"u-container-layout u-container-layout-1\">\n            <h3 class=\"u-text u-text-default u-text-1\"> Rutas y aventuras predefinidas<\/h3>\n            <p class=\"u-align-center u-text u-text-default u-text-2\">Visitas nuestra secci\u00f3n de rutas y aventuras y disfruta de paseos por la R\u00eda de Vigo en yate y mucho m\u00e1s<\/p>\n            <a href=\"https:\/\/galiforniacamper.com\/en\/product-category\/rutas\/\" class=\"u-btn u-btn-round u-button-style u-hover-custom-color-2 u-palette-4-base u-radius-50 u-btn-1\" data-animation-name=\"\" data-animation-duration=\"0\" data-animation-delay=\"0\" data-animation-direction=\"\">Routes<\/a>\n          <\/div>\n        <\/div>\n      <\/div>\n    <\/section>\n    \n    \n    \n  \n<\/div><\/div>","protected":false},"excerpt":{"rendered":"<p>Rutas y Aventuras Personalizadas \u00abEmb\u00e1rcate en una Experiencia Inigualable: Descubre Nuestras Aventuras en Galifornia Camper y Sum\u00e9rgete en Rutas Personalizadas a Tu Medida\u00bb Rutas Personalizadas Pasos para personalizar tu aventura 1 Contacto con Galifornia Camper: Inicia tu emocionante viaje contactando con nosotros en Galifornia Camper. Ya sea por tel\u00e9fono, correo electr\u00f3nico o a trav\u00e9s de [&hellip;]<\/p>","protected":false},"author":1,"featured_media":0,"parent":0,"menu_order":2,"comment_status":"closed","ping_status":"closed","template":"","meta":{"_monsterinsights_skip_tracking":false,"_monsterinsights_sitenote_active":false,"_monsterinsights_sitenote_note":"","_monsterinsights_sitenote_category":0,"site-sidebar-layout":"default","site-content-layout":"","ast-site-content-layout":"default","site-content-style":"default","site-sidebar-style":"default","ast-global-header-display":"","ast-banner-title-visibility":"","ast-main-header-display":"","ast-hfb-above-header-display":"","ast-hfb-below-header-display":"","ast-hfb-mobile-header-display":"","site-post-title":"","ast-breadcrumbs-content":"","ast-featured-img":"","footer-sml-layout":"","theme-transparent-header-meta":"default","adv-header-id-meta":"","stick-header-meta":"","header-above-stick-meta":"","header-main-stick-meta":"","header-below-stick-meta":"","astra-migrate-meta-layouts":"set","ast-page-background-enabled":"default","ast-page-background-meta":{"desktop":{"background-color":"var(--ast-global-color-4)","background-image":"","background-repeat":"repeat","background-position":"center center","background-size":"auto","background-attachment":"scroll","background-type":"","background-media":"","overlay-type":"","overlay-color":"","overlay-opacity":"","overlay-gradient":""},"tablet":{"background-color":"","background-image":"","background-repeat":"repeat","background-position":"center center","background-size":"auto","background-attachment":"scroll","background-type":"","background-media":"","overlay-type":"","overlay-color":"","overlay-opacity":"","overlay-gradient":""},"mobile":{"background-color":"","background-image":"","background-repeat":"repeat","background-position":"center center","background-size":"auto","background-attachment":"scroll","background-type":"","background-media":"","overlay-type":"","overlay-color":"","overlay-opacity":"","overlay-gradient":""}},"ast-content-background-meta":{"desktop":{"background-color":"var(--ast-global-color-5)","background-image":"","background-repeat":"repeat","background-position":"center center","background-size":"auto","background-attachment":"scroll","background-type":"","background-media":"","overlay-type":"","overlay-color":"","overlay-opacity":"","overlay-gradient":""},"tablet":{"background-color":"var(--ast-global-color-5)","background-image":"","background-repeat":"repeat","background-position":"center center","background-size":"auto","background-attachment":"scroll","background-type":"","background-media":"","overlay-type":"","overlay-color":"","overlay-opacity":"","overlay-gradient":""},"mobile":{"background-color":"var(--ast-global-color-5)","background-image":"","background-repeat":"repeat","background-position":"center center","background-size":"auto","background-attachment":"scroll","background-type":"","background-media":"","overlay-type":"","overlay-color":"","overlay-opacity":"","overlay-gradient":""}},"footnotes":""},"class_list":["post-163","page","type-page","status-publish","hentry"],"aioseo_notices":[],"jetpack_sharing_enabled":true,"_links":{"self":[{"href":"https:\/\/galiforniacamper.com\/en\/wp-json\/wp\/v2\/pages\/163","targetHints":{"allow":["GET"]}}],"collection":[{"href":"https:\/\/galiforniacamper.com\/en\/wp-json\/wp\/v2\/pages"}],"about":[{"href":"https:\/\/galiforniacamper.com\/en\/wp-json\/wp\/v2\/types\/page"}],"author":[{"embeddable":true,"href":"https:\/\/galiforniacamper.com\/en\/wp-json\/wp\/v2\/users\/1"}],"replies":[{"embeddable":true,"href":"https:\/\/galiforniacamper.com\/en\/wp-json\/wp\/v2\/comments?post=163"}],"version-history":[{"count":1,"href":"https:\/\/galiforniacamper.com\/en\/wp-json\/wp\/v2\/pages\/163\/revisions"}],"predecessor-version":[{"id":481,"href":"https:\/\/galiforniacamper.com\/en\/wp-json\/wp\/v2\/pages\/163\/revisions\/481"}],"wp:attachment":[{"href":"https:\/\/galiforniacamper.com\/en\/wp-json\/wp\/v2\/media?parent=163"}],"curies":[{"name":"wp","href":"https:\/\/api.w.org\/{rel}","templated":true}]}}