{"id":880,"date":"2025-03-31T11:40:22","date_gmt":"2025-03-31T09:40:22","guid":{"rendered":"https:\/\/galiforniacamper.com\/?page_id=880"},"modified":"2025-04-01T10:37:50","modified_gmt":"2025-04-01T08:37:50","slug":"comprar-camper-en-vigo","status":"publish","type":"page","link":"https:\/\/galiforniacamper.com\/en\/comprar-camper-en-vigo\/","title":{"rendered":"Comprar camper en Vigo"},"content":{"rendered":"<h1>\u200bComprar camper en Vigo<\/h1>\n<p>\u00bfEst\u00e1s buscando la libertad de viajar por Galicia con total comodidad y autonom\u00eda? En <strong data-start=\"266\" data-end=\"287\">Galifornia Camper<\/strong> te ofrecemos el <strong>alquiler de furgonetas camper en Vigo<\/strong> totalmente equipadas para que disfrutes de tus viajes al m\u00e1ximo. Ya sea que quieras explorar las hermosas playas gallegas, perderte por la naturaleza o vivir una experiencia \u00fanica en la carretera, nuestras furgonetas camper te brindan todo lo que necesitas para una aventura inolvidable. Con una amplia variedad de modelos, desde furgonetas compactas hasta veh\u00edculos m\u00e1s espaciosos, en Galifornia Camper garantizamos que cada viaje sea c\u00f3modo, seguro y f\u00e1cil de organizar.<\/p>\n<ul>\n<li><a href=\"https:\/\/galiforniacamper.com\/en\/camperizar-furgoneta-en-vigo\/\"><strong>Camperizar furgoneta en Vigo<\/strong><\/a><\/li>\n<li><a href=\"https:\/\/galiforniacamper.com\/en\/fontaneria-para-furgonetas-en-vigo\/\"><strong>Fontaner\u00eda para furgonetas en Vigo<\/strong><\/a><\/li>\n<li><a href=\"https:\/\/galiforniacamper.com\/en\/calefaccion-estacionaria-para-furgoneta-en-vigo\/\"><strong>Calefacci\u00f3n estacionaria para furgoneta en Vigo<\/strong><\/a><\/li>\n<li><a href=\"https:\/\/galiforniacamper.com\/en\/reparaciones-de-autocaravanas-en-vigo\/\"><strong>Reparaciones de autocaravanas en Vigo<\/strong><\/a><\/li>\n<li><a href=\"https:\/\/galiforniacamper.com\/en\/reparar-camper-en-vigo\/\"><strong>Reparar camper en Vigo<\/strong><\/a><\/li>\n<li><a href=\"https:\/\/galiforniacamper.com\/en\/panel-solar-para-furgoneta-en-vigo\/\"><strong>Panel solar para furgoneta en Vigo<\/strong><\/a><\/li>\n<li><a href=\"https:\/\/galiforniacamper.com\/en\/instalaciones-electricas-en-furgoneta-en-vigo\/\"><strong>Instalaciones el\u00e9ctricas en furgoneta en Vigo<\/strong><\/a><\/li>\n<\/ul>\n<p>Si est\u00e1s interesado en <strong>Comprar camper en Vigo <\/strong>o en cualquiera de los servicios que ofrecemos, no dudes en escribirnos al correo <strong>info@galiforniacamper.com <\/strong>o llamarnos al n\u00famero de tel\u00e9fono <strong>676 91 03 44<\/strong>.<\/p>","protected":false},"excerpt":{"rendered":"<p>\u200bComprar camper en Vigo \u00bfEst\u00e1s buscando la libertad de viajar por Galicia con total comodidad y autonom\u00eda? En Galifornia Camper te ofrecemos el alquiler de furgonetas camper en Vigo totalmente equipadas para que disfrutes de tus viajes al m\u00e1ximo. Ya sea que quieras explorar las hermosas playas gallegas, perderte por la naturaleza o vivir una [&hellip;]<\/p>","protected":false},"author":5,"featured_media":0,"parent":0,"menu_order":0,"comment_status":"closed","ping_status":"closed","template":"","meta":{"_monsterinsights_skip_tracking":false,"_monsterinsights_sitenote_active":false,"_monsterinsights_sitenote_note":"","_monsterinsights_sitenote_category":0,"site-sidebar-layout":"default","site-content-layout":"","ast-site-content-layout":"","site-content-style":"default","site-sidebar-style":"default","ast-global-header-display":"","ast-banner-title-visibility":"","ast-main-header-display":"","ast-hfb-above-header-display":"","ast-hfb-below-header-display":"","ast-hfb-mobile-header-display":"","site-post-title":"","ast-breadcrumbs-content":"","ast-featured-img":"","footer-sml-layout":"","theme-transparent-header-meta":"","adv-header-id-meta":"","stick-header-meta":"","header-above-stick-meta":"","header-main-stick-meta":"","header-below-stick-meta":"","astra-migrate-meta-layouts":"default","ast-page-background-enabled":"default","ast-page-background-meta":{"desktop":{"background-color":"var(--ast-global-color-4)","background-image":"","background-repeat":"repeat","background-position":"center center","background-size":"auto","background-attachment":"scroll","background-type":"","background-media":"","overlay-type":"","overlay-color":"","overlay-opacity":"","overlay-gradient":""},"tablet":{"background-color":"","background-image":"","background-repeat":"repeat","background-position":"center center","background-size":"auto","background-attachment":"scroll","background-type":"","background-media":"","overlay-type":"","overlay-color":"","overlay-opacity":"","overlay-gradient":""},"mobile":{"background-color":"","background-image":"","background-repeat":"repeat","background-position":"center center","background-size":"auto","background-attachment":"scroll","background-type":"","background-media":"","overlay-type":"","overlay-color":"","overlay-opacity":"","overlay-gradient":""}},"ast-content-background-meta":{"desktop":{"background-color":"var(--ast-global-color-5)","background-image":"","background-repeat":"repeat","background-position":"center center","background-size":"auto","background-attachment":"scroll","background-type":"","background-media":"","overlay-type":"","overlay-color":"","overlay-opacity":"","overlay-gradient":""},"tablet":{"background-color":"var(--ast-global-color-5)","background-image":"","background-repeat":"repeat","background-position":"center center","background-size":"auto","background-attachment":"scroll","background-type":"","background-media":"","overlay-type":"","overlay-color":"","overlay-opacity":"","overlay-gradient":""},"mobile":{"background-color":"var(--ast-global-color-5)","background-image":"","background-repeat":"repeat","background-position":"center center","background-size":"auto","background-attachment":"scroll","background-type":"","background-media":"","overlay-type":"","overlay-color":"","overlay-opacity":"","overlay-gradient":""}},"footnotes":""},"class_list":["post-880","page","type-page","status-publish","hentry"],"aioseo_notices":[],"jetpack_sharing_enabled":true,"_links":{"self":[{"href":"https:\/\/galiforniacamper.com\/en\/wp-json\/wp\/v2\/pages\/880","targetHints":{"allow":["GET"]}}],"collection":[{"href":"https:\/\/galiforniacamper.com\/en\/wp-json\/wp\/v2\/pages"}],"about":[{"href":"https:\/\/galiforniacamper.com\/en\/wp-json\/wp\/v2\/types\/page"}],"author":[{"embeddable":true,"href":"https:\/\/galiforniacamper.com\/en\/wp-json\/wp\/v2\/users\/5"}],"replies":[{"embeddable":true,"href":"https:\/\/galiforniacamper.com\/en\/wp-json\/wp\/v2\/comments?post=880"}],"version-history":[{"count":4,"href":"https:\/\/galiforniacamper.com\/en\/wp-json\/wp\/v2\/pages\/880\/revisions"}],"predecessor-version":[{"id":915,"href":"https:\/\/galiforniacamper.com\/en\/wp-json\/wp\/v2\/pages\/880\/revisions\/915"}],"wp:attachment":[{"href":"https:\/\/galiforniacamper.com\/en\/wp-json\/wp\/v2\/media?parent=880"}],"curies":[{"name":"wp","href":"https:\/\/api.w.org\/{rel}","templated":true}]}}