{"id":723,"date":"2023-11-24T16:00:14","date_gmt":"2023-11-24T15:00:14","guid":{"rendered":"https:\/\/galiforniacamper.com\/?post_type=product&#038;p=723"},"modified":"2024-02-29T14:07:09","modified_gmt":"2024-02-29T13:07:09","slug":"volkswagen-t-4","status":"publish","type":"product","link":"https:\/\/galiforniacamper.com\/en\/product\/volkswagen-t-4\/","title":{"rendered":"Volkswagen T-4"},"content":{"rendered":"<p>Se vende una Volkswagen T4 camperizada, una furgoneta cl\u00e1sica que ha sido transformada en una c\u00f3moda casa rodante. Este modelo en particular ofrece la combinaci\u00f3n perfecta de funcionalidad y estilo retro. El exterior presenta la emblem\u00e1tica apariencia de una T4 bien cuidada.<\/p>\n<p>En el interior, encontrar\u00e1s un espacio ingeniosamente dise\u00f1ado para aprovechar al m\u00e1ximo cada rinc\u00f3n. La camper cuenta con una cocina compacta equipada con fregadero, estufa y espacio de almacenamiento para utensilios. Adem\u00e1s, la zona de estar se transforma f\u00e1cilmente en una c\u00f3moda cama, perfecta para descansar despu\u00e9s de un d\u00eda de aventuras.<\/p>\n<p>Con caracter\u00edsticas adicionales como ventanas panor\u00e1micas para disfrutar de las vistas, sistemas de iluminaci\u00f3n LED eficientes y detalles de madera que le dan un toque acogedor, esta camper Volkswagen T4 es ideal para aquellos que buscan la libertad de viajar con comodidad. Adem\u00e1s, cuenta con un mantenimiento regular y ha pasado las revisiones necesarias, asegurando un rendimiento confiable en carretera.<\/p>\n<p>\u00a1Una oportunidad \u00fanica para los amantes de la vida al aire libre y la nostalgia de las cl\u00e1sicas campers Volkswagen!<\/p>","protected":false},"excerpt":{"rendered":"<p>&nbsp;<\/p>\n<ul>\n<li>Cama 1,10m<\/li>\n<li>Cocina con fregadero<\/li>\n<li>Asientos giratorios<\/li>\n<li>Ducha<\/li>\n<li>2.4 diesel 70cv<\/li>\n<\/ul>\n<p>&nbsp;<\/p>","protected":false},"featured_media":731,"template":"","meta":{"_monsterinsights_skip_tracking":false,"_monsterinsights_sitenote_active":false,"_monsterinsights_sitenote_note":"","_monsterinsights_sitenote_category":0,"site-sidebar-layout":"default","site-content-layout":"","ast-site-content-layout":"default","site-content-style":"default","site-sidebar-style":"default","ast-global-header-display":"","ast-banner-title-visibility":"","ast-main-header-display":"","ast-hfb-above-header-display":"","ast-hfb-below-header-display":"","ast-hfb-mobile-header-display":"","site-post-title":"","ast-breadcrumbs-content":"","ast-featured-img":"","footer-sml-layout":"","theme-transparent-header-meta":"default","adv-header-id-meta":"","stick-header-meta":"","header-above-stick-meta":"","header-main-stick-meta":"","header-below-stick-meta":"","astra-migrate-meta-layouts":"set","ast-page-background-enabled":"default","ast-page-background-meta":{"desktop":{"background-color":"var(--ast-global-color-4)","background-image":"","background-repeat":"repeat","background-position":"center center","background-size":"auto","background-attachment":"scroll","background-type":"","background-media":"","overlay-type":"","overlay-color":"","overlay-opacity":"","overlay-gradient":""},"tablet":{"background-color":"","background-image":"","background-repeat":"repeat","background-position":"center center","background-size":"auto","background-attachment":"scroll","background-type":"","background-media":"","overlay-type":"","overlay-color":"","overlay-opacity":"","overlay-gradient":""},"mobile":{"background-color":"","background-image":"","background-repeat":"repeat","background-position":"center center","background-size":"auto","background-attachment":"scroll","background-type":"","background-media":"","overlay-type":"","overlay-color":"","overlay-opacity":"","overlay-gradient":""}},"ast-content-background-meta":{"desktop":{"background-color":"var(--ast-global-color-5)","background-image":"","background-repeat":"repeat","background-position":"center center","background-size":"auto","background-attachment":"scroll","background-type":"","background-media":"","overlay-type":"","overlay-color":"","overlay-opacity":"","overlay-gradient":""},"tablet":{"background-color":"var(--ast-global-color-5)","background-image":"","background-repeat":"repeat","background-position":"center center","background-size":"auto","background-attachment":"scroll","background-type":"","background-media":"","overlay-type":"","overlay-color":"","overlay-opacity":"","overlay-gradient":""},"mobile":{"background-color":"var(--ast-global-color-5)","background-image":"","background-repeat":"repeat","background-position":"center center","background-size":"auto","background-attachment":"scroll","background-type":"","background-media":"","overlay-type":"","overlay-color":"","overlay-opacity":"","overlay-gradient":""}}},"product_brand":[],"product_cat":[20],"product_tag":[],"class_list":{"0":"post-723","1":"product","2":"type-product","3":"status-publish","4":"has-post-thumbnail","6":"product_cat-venta","7":"desktop-align-center","8":"tablet-align-left","9":"mobile-align-left","11":"first","12":"outofstock","13":"sale","14":"sold-individually","15":"shipping-taxable","16":"purchasable","17":"product-type-simple"},"aioseo_notices":[],"jetpack_sharing_enabled":true,"_links":{"self":[{"href":"https:\/\/galiforniacamper.com\/en\/wp-json\/wp\/v2\/product\/723","targetHints":{"allow":["GET"]}}],"collection":[{"href":"https:\/\/galiforniacamper.com\/en\/wp-json\/wp\/v2\/product"}],"about":[{"href":"https:\/\/galiforniacamper.com\/en\/wp-json\/wp\/v2\/types\/product"}],"wp:featuredmedia":[{"embeddable":true,"href":"https:\/\/galiforniacamper.com\/en\/wp-json\/wp\/v2\/media\/731"}],"wp:attachment":[{"href":"https:\/\/galiforniacamper.com\/en\/wp-json\/wp\/v2\/media?parent=723"}],"wp:term":[{"taxonomy":"product_brand","embeddable":true,"href":"https:\/\/galiforniacamper.com\/en\/wp-json\/wp\/v2\/product_brand?post=723"},{"taxonomy":"product_cat","embeddable":true,"href":"https:\/\/galiforniacamper.com\/en\/wp-json\/wp\/v2\/product_cat?post=723"},{"taxonomy":"product_tag","embeddable":true,"href":"https:\/\/galiforniacamper.com\/en\/wp-json\/wp\/v2\/product_tag?post=723"}],"curies":[{"name":"wp","href":"https:\/\/api.w.org\/{rel}","templated":true}]}}